{"id":783,"date":"2021-05-17T12:34:40","date_gmt":"2021-05-17T15:34:40","guid":{"rendered":"https:\/\/www.trabajadoresdearte.org\/sitio\/?page_id=783"},"modified":"2021-06-04T17:25:43","modified_gmt":"2021-06-04T20:25:43","slug":"asamblea-de-trabajadores-mayo-2021","status":"publish","type":"page","link":"https:\/\/www.trabajadoresdearte.org\/sitio\/asamblea-de-trabajadores-mayo-2021\/","title":{"rendered":"Asamblea de Trabajadores \u2013 mayo 2021"},"content":{"rendered":"<div class=\"boldgrid-section\">\n<div class=\"container-fluid\">\n<div class=\"row\" style=\"padding-top: 21px; padding-bottom: 20px;\">\n<div class=\"col-md-6 col-xs-12 col-sm-12\">\n<p class=\"\">Por iniciativa de Trabajadores de Arte Contempor\u00e1neo se realiz\u00f3 el s\u00e1bado 29 de mayo de 2021 la <em><strong>3ra Asamblea Latinoamericana de Trabajadoras y Trabajadores de Arte Contempor\u00e1neo.&nbsp;<\/strong><\/em><\/p>\n<p class=\"\">La Asamblea tiene como objetivos reunir en un debate abierto y p\u00fablico a artistas, gestores, curadores, cr\u00edticos, galeristas y otros profesionales de arte contempor\u00e1neo de 22 pa\u00edses de Am\u00e9rica Latina, y compartir experiencias, conceptualizaciones y propuestas para el ejercicio de los derechos laborales del sector.<\/p>\n<p class=\"\">El equipo de producci\u00f3n de la 3ra Asamblea est\u00e1 formado por Jorge Sep\u00falveda T., Guillermina Bustos, Federico de la Puente, Nicol\u00e1s Bertona, Gabriela D\u00edaz Velasco, Mar\u00eda Francisca Jara,&nbsp; Fernando Colman y Kelly Vel\u00e1squez. &nbsp;<a href=\"https:\/\/vadb.org\/events\/3ra-asamblea-latinoamericana-de-trabajadoras-y-trabajadores-de-arte-contemporaneo\" target=\"_blank\" rel=\"noopener\">Informaci\u00f3n sobre el Equipo de Trabajo en la comunidad VADB<\/a>&nbsp;<\/p>\n<\/div>\n<div class=\"col-md-6 col-sm-12 col-xs-12 color4-background-color color-4-text-contrast bg-background-color\">\n<p class=\"\" style=\"text-align: center;\"><a href=\"https:\/\/www.trabajadoresdearte.org\/sitio\/asamblea-de-trabajadores-mayo-2021\/#video\">Video de la <em><strong>3ra Asamblea Latinoamericana de Trabajadoras y Trabajadores de Arte Contempor\u00e1neo<\/strong><\/em><\/a><\/p>\n<p class=\"\"><strong style=\"font-size: 14px;\">Programa de Trabajo<\/strong><span style=\"font-size: 14px;\"> para la Asamblea:<\/span><\/p>\n<ol class=\"\">\n<li style=\"list-style-type: none;\">\n<ol class=\"\" style=\"font-size: 14px;\">\n<li>Inicio<\/li>\n<li><strong>Resumen de Actividades<\/strong> de Trabajadores de Arte en Latinoam\u00e9rica durante 2020 y 2021.<\/li>\n<li><strong>Resumen de implementaci\u00f3n de los Grupos Aut\u00f3nomos Locales<\/strong>.<\/li>\n<li><strong>MANUAL DE ACCI\u00d3N<\/strong>, rendici\u00f3n de la campa\u00f1a de <a href=\"https:\/\/www.trabajadoresdearte.org\/sitio\/impresion-colaborativa-del-manual-de-accion\/\">Impresi\u00f3n Colaborativa<\/a>.<\/li>\n<li>Reporte <strong>del <\/strong><strong><a href=\"https:\/\/www.trabajadoresdearte.org\/sitio\/censo-latinoamericano-de-arte-contemporaneo\/\">2do Censo Latinoamericano de Arte Contempor\u00e1neo <\/a><\/strong>.<\/li>\n<li><strong>Nueva herramienta<\/strong> para los Trabajadores de Arte en Latinoam\u00e9rica &gt;&gt; <strong><a href=\"http:\/\/cuantovalemitrabajoenarte.org\/\" target=\"_blank\" rel=\"noopener\">Calculadora de Presupuesto en Arte<\/a><\/strong>.<\/li>\n<li><strong>Perspectivas de Trabajo Colaborativo para el 2021<\/strong>.<\/li>\n<li><strong>Micr\u00f3fono abierto<\/strong>.<\/li>\n<li>Cierre.<\/li>\n<\/ol>\n<\/li>\n<\/ol>\n<p class=\"\" style=\"text-align: center;\"><a class=\"\" style=\"font-size: 14px;\" href=\"https:\/\/www.trabajadoresdearte.org\/sitio\/asamblea-de-trabajadores-enero-2021\/\" target=\"_blank\" rel=\"noopener\">Revisa c\u00f3mo fue la <strong>2da Asamblea de Trabajadoras y Trabajadores de Arte<\/strong><\/a><\/p>\n<\/div>\n<\/div>\n<div class=\"row\" style=\"text-align: center;\"><\/div>\n<\/div>\n<\/div>\n<div class=\"boldgrid-section\">\n<div class=\"container\">\n<div class=\"row\">\n<div class=\"col-md-12 col-xs-12 col-sm-12\" style=\"text-align: center;\">\n<p id=\"video\" class=\"\"><iframe loading=\"lazy\" style=\"border: none; overflow: hidden;\" src=\"https:\/\/www.facebook.com\/plugins\/video.php?height=314&amp;href=https%3A%2F%2Fwww.facebook.com%2Ftrabajadores.dearte%2Fvideos%2F4749152815100063%2F&amp;show_text=false&amp;width=560&amp;t=0\" width=\"560\" height=\"314\" frameborder=\"0\" scrolling=\"no\" allowfullscreen=\"allowfullscreen\"><\/iframe><\/p>\n<\/div>\n<\/div>\n<\/div>\n<\/div>\n","protected":false},"excerpt":{"rendered":"<p>Por iniciativa de Trabajadores de Arte Contempor\u00e1neo se realiz\u00f3 el s\u00e1bado 29 de mayo de 2021 la 3ra Asamblea Latinoamericana de Trabajadoras y Trabajadores de Arte Contempor\u00e1neo.&nbsp; La Asamblea tiene como objetivos reunir en un debate abierto y p\u00fablico a artistas, gestores, curadores, cr\u00edticos, galeristas y otros profesionales de arte contempor\u00e1neo de 22 pa\u00edses de &hellip; <a href=\"https:\/\/www.trabajadoresdearte.org\/sitio\/asamblea-de-trabajadores-mayo-2021\/\" class=\"more-link\">Sigue leyendo <span class=\"screen-reader-text\">Asamblea de Trabajadores \u2013 mayo 2021<\/span><\/a><\/p>\n","protected":false},"author":1,"featured_media":0,"parent":0,"menu_order":0,"comment_status":"closed","ping_status":"closed","template":"template\/page\/fullwidth.php","meta":{"bgseo_title":"","bgseo_description":"","bgseo_robots_index":"index","bgseo_robots_follow":"follow","footnotes":""},"class_list":["post-783","page","type-page","status-publish","hentry"],"_links":{"self":[{"href":"https:\/\/www.trabajadoresdearte.org\/sitio\/wp-json\/wp\/v2\/pages\/783","targetHints":{"allow":["GET"]}}],"collection":[{"href":"https:\/\/www.trabajadoresdearte.org\/sitio\/wp-json\/wp\/v2\/pages"}],"about":[{"href":"https:\/\/www.trabajadoresdearte.org\/sitio\/wp-json\/wp\/v2\/types\/page"}],"author":[{"embeddable":true,"href":"https:\/\/www.trabajadoresdearte.org\/sitio\/wp-json\/wp\/v2\/users\/1"}],"replies":[{"embeddable":true,"href":"https:\/\/www.trabajadoresdearte.org\/sitio\/wp-json\/wp\/v2\/comments?post=783"}],"version-history":[{"count":10,"href":"https:\/\/www.trabajadoresdearte.org\/sitio\/wp-json\/wp\/v2\/pages\/783\/revisions"}],"predecessor-version":[{"id":893,"href":"https:\/\/www.trabajadoresdearte.org\/sitio\/wp-json\/wp\/v2\/pages\/783\/revisions\/893"}],"wp:attachment":[{"href":"https:\/\/www.trabajadoresdearte.org\/sitio\/wp-json\/wp\/v2\/media?parent=783"}],"curies":[{"name":"wp","href":"https:\/\/api.w.org\/{rel}","templated":true}]}}