{"id":804,"date":"2021-05-29T10:00:19","date_gmt":"2021-05-29T13:00:19","guid":{"rendered":"https:\/\/www.trabajadoresdearte.org\/sitio\/?page_id=804"},"modified":"2022-10-07T11:03:14","modified_gmt":"2022-10-07T14:03:14","slug":"mapa-das-artistas-curadoras-e-educadoras-de-arte-racializadas-no-brasil","status":"publish","type":"page","link":"https:\/\/www.trabajadoresdearte.org\/sitio\/mapa-das-artistas-curadoras-e-educadoras-de-arte-racializadas-no-brasil\/","title":{"rendered":"Mapa das Artistas, Curadoras e Educadoras de Arte racializadas no Brasil"},"content":{"rendered":"<div class=\"boldgrid-section\">\n<div class=\"container\">\n<div class=\"row\" style=\"padding-top: 50px; padding-bottom: 46px;\">\n<div class=\"col-md-5 col-sm-12 col-xs-12 col-lg-5\">\n<p class=\"\">PT&gt; o <strong>Mapa de artistas, curadoras e educadoras de arte racializadas no Brasil<\/strong>, (vers\u00e3o 1.0 &#8211; maio 2021) uma <span style=\"font-size: 17px;\">Pesquisa realizada por meio do <em>1\u00ba Censo Nacional Trovoa<\/em> (Fevereiro de 2021), a cargo do <em>Coletivo Trovoa<\/em>, formado por 30 articuladoras residentes em 4 regi\u00f5es do Brasil.<\/span><\/p>\n<div class=\"im_history_message_wrap im_grouped\" my-message=\"\" ng-repeat=\"historyMessage in peerHistory.messages\">\n<div class=\"im_message_outer_wrap hasselect\" ng-click=\"toggleMessage(historyMessage.mid, $event)\" data-msg-id=\"67916\">\n<div class=\"im_message_wrap clearfix\" ng-switch=\"::historyMessage._ == 'messageService'\">\n<div ng-switch-default=\"\" class=\"im_content_message_wrap im_message_in\" ng-class=\"::[historyMessage.pFlags.out ? 'im_message_out' : 'im_message_in', historyMessage.fwdFromID ? 'im_message_fwd' : '']\">\n<div class=\"im_message_body\" ng-class=\"::{im_message_body_media: historyMessage._ == 'message' &amp;&amp; historyMessage.media ? true : false}\">\n<div my-message-body=\"historyMessage\">\n<div class=\"im_message_text\" dir=\"auto\"><strong>Colabora\u00e7\u00e3o e desenho:<\/strong> Guillermina Bustos, Jorge Sep\u00falveda T., Federico de la Puente e equipe de Trabalhadores de Arte.<\/div>\n<div dir=\"auto\"><\/div>\n<\/div>\n<\/div>\n<\/div>\n<\/div>\n<\/div>\n<\/div>\n<div class=\"im_history_message_wrap im_grouped\" my-message=\"\" ng-repeat=\"historyMessage in peerHistory.messages\">\n<div class=\"im_message_outer_wrap hasselect\" ng-click=\"toggleMessage(historyMessage.mid, $event)\" data-msg-id=\"67917\">\n<div class=\"im_message_wrap clearfix\" ng-switch=\"::historyMessage._ == 'messageService'\">\n<div ng-switch-default=\"\" class=\"im_content_message_wrap im_message_in\" ng-class=\"::[historyMessage.pFlags.out ? 'im_message_out' : 'im_message_in', historyMessage.fwdFromID ? 'im_message_fwd' : '']\">\n<div class=\"im_message_meta pull-right text-right noselect\"><\/div>\n<div class=\"im_message_body\" ng-class=\"::{im_message_body_media: historyMessage._ == 'message' &amp;&amp; historyMessage.media ? true : false}\">\n<div my-message-body=\"historyMessage\">\n<div class=\"im_message_text\" dir=\"auto\">\n<p class=\"\">ES&gt; El <strong>Mapa de artistas, curadoras y educadoras de arte racializadas en Brasil<\/strong> (versi\u00f3n 1.0 &#8211; mayo 2021) es resultado de una Investigaci\u00f3n realizada por medio del 1\u00ba Censo Nacional Trovoa (Febrero de 2021), a cargo del Coletivo Trovoa, formado por 30 articuladoras residentes en 4 regiones de Brasil.<\/p>\n<p class=\"\"><strong>Colaboraci\u00f3n y dise\u00f1o:<\/strong> Guillermina Bustos, Jorge Sep\u00falveda T., Federico de la Puente y el equipo de Trabajadores de Arte &#8211; Latinoam\u00e9rica.<\/p>\n<p class=\"color-4-text-contrast color4-background-color\" style=\"text-align: center; font-size: 14px;\"><strong>PT&gt; Se voc\u00ea n\u00e3o aparece no Mapa ou deseja atualizar suas informa\u00e7\u00f5es, solicite<\/strong> um<strong> convite para editar a comunidade VADB neste<\/strong>&nbsp;link<br \/>\n<strong><br \/>\nES&gt; Si no apareces en el Mapa o quieres actualizar tu informaci\u00f3n<\/strong>&nbsp;solicita una invitaci\u00f3n para editar la comunidad VADB en este enlace <a href=\"http:\/\/tiny.cc\/unetealacomunidadVADB\" target=\"_blank\" rel=\"noopener noreferrer\">http:\/\/tiny.cc\/unetealacomunidadVADB<\/a>&nbsp;<\/p>\n<p class=\"color-4-text-contrast color4-background-color\" style=\"font-size: 14px; text-align: left;\">La informaci\u00f3n contenida en los enlaces es proporcionada y actualizada permanentemente por la <em>Comunidad VADB &#8211; arte contempor\u00e1neo latinoamericano<\/em>.<\/p>\n<\/div>\n<\/div>\n<\/div>\n<\/div>\n<\/div>\n<\/div>\n<\/div>\n<\/div>\n<div class=\"col-md-6 col-sm-6 col-xs-12 col-lg-6\">\n<div class=\"\">\n<p class=\"color-4-text-contrast color4-background-color\" style=\"text-align: center; font-size: 14px;\"><strong><a href=\"https:\/\/www.trabajadoresdearte.org\/sitio\/wp-content\/uploads\/2021\/05\/mapa_mujeres_racializadas_brasil_v1_maio-2021.pdf\">BAIXE O MAPA<\/a><br \/>\n<\/strong>em formato PDF com todos os links<br \/>\nhabilitado para acessar informa\u00e7\u00f5es.<br \/>\n(vers\u00e3o 1.0 &#8211; maio de 2021)&nbsp;&nbsp;<\/p>\n<p class=\"color-4-text-contrast color4-background-color\" style=\"text-align: center; font-size: 14px;\"><strong>&nbsp;<a href=\"https:\/\/www.trabajadoresdearte.org\/sitio\/wp-content\/uploads\/2021\/05\/mapa_mujeres_racializadas_brasil_v1_maio-2021.pdf\">DESCARGA EL MAPA<\/a>&nbsp;&nbsp;&nbsp;<\/strong><br \/>\nen formato PDF con todos los enlaces<br \/>\nhabilitados para acceder a la informaci\u00f3n.<br \/>\n(versi\u00f3n 1.0 &#8211; mayo 2021)<\/p>\n<p class=\"\" style=\"text-align: center;\"><img loading=\"lazy\" decoding=\"async\" class=\"alignnone wp-image-814 size-large\" src=\"https:\/\/www.trabajadoresdearte.org\/sitio\/wp-content\/uploads\/2021\/05\/mapa_mujeres_racializadas_brasil_v1_maio-2021-724x1024.jpg\" alt=\"\" width=\"660\" height=\"933\" srcset=\"https:\/\/www.trabajadoresdearte.org\/sitio\/wp-content\/uploads\/2021\/05\/mapa_mujeres_racializadas_brasil_v1_maio-2021-724x1024.jpg 724w, https:\/\/www.trabajadoresdearte.org\/sitio\/wp-content\/uploads\/2021\/05\/mapa_mujeres_racializadas_brasil_v1_maio-2021-212x300.jpg 212w, https:\/\/www.trabajadoresdearte.org\/sitio\/wp-content\/uploads\/2021\/05\/mapa_mujeres_racializadas_brasil_v1_maio-2021-768x1086.jpg 768w, https:\/\/www.trabajadoresdearte.org\/sitio\/wp-content\/uploads\/2021\/05\/mapa_mujeres_racializadas_brasil_v1_maio-2021-250x354.jpg 250w, https:\/\/www.trabajadoresdearte.org\/sitio\/wp-content\/uploads\/2021\/05\/mapa_mujeres_racializadas_brasil_v1_maio-2021-550x778.jpg 550w, https:\/\/www.trabajadoresdearte.org\/sitio\/wp-content\/uploads\/2021\/05\/mapa_mujeres_racializadas_brasil_v1_maio-2021-800x1132.jpg 800w, https:\/\/www.trabajadoresdearte.org\/sitio\/wp-content\/uploads\/2021\/05\/mapa_mujeres_racializadas_brasil_v1_maio-2021-127x180.jpg 127w, https:\/\/www.trabajadoresdearte.org\/sitio\/wp-content\/uploads\/2021\/05\/mapa_mujeres_racializadas_brasil_v1_maio-2021-353x500.jpg 353w, https:\/\/www.trabajadoresdearte.org\/sitio\/wp-content\/uploads\/2021\/05\/mapa_mujeres_racializadas_brasil_v1_maio-2021.jpg 842w\" sizes=\"auto, (max-width: 660px) 100vw, 660px\" \/><\/p>\n<p class=\"color-4-text-contrast color4-background-color\" style=\"text-align: center; font-size: 14px;\"><strong>COMPARTILHE O SHORT LINK<\/strong> desta p\u00e1gina nas redes sociais<strong><br \/>\nCOMPARTE EL ENLACE CORTO <\/strong>de este p\u00e1gina en redes sociales<br \/>\n<a href=\"http:\/\/tiny.cc\/trabalhadorasracializadas\">http:\/\/tiny.cc\/trabalhadorasracializadas<\/a>&nbsp;<\/p>\n<p class=\"\" style=\"text-align: center; font-size: 14px;\"><strong>Visite e baixe a vers\u00e3o atualizada deste mapa \/ Visita y descarga la versi\u00f3n actualizada de este mapa.<\/strong><\/p>\n<p class=\"\"><img loading=\"lazy\" decoding=\"async\" class=\"alignnone wp-image-895 aligncenter\" src=\"https:\/\/www.trabajadoresdearte.org\/sitio\/wp-content\/uploads\/2021\/06\/Mapa_artistas_curadoras_arte-educadoras_racializadas_Brasil.png\" alt=\"\" width=\"236\" height=\"253\"><\/p>\n<p class=\"color-4-text-contrast color4-background-color\" style=\"font-size: 14px; text-align: center;\"><strong style=\"color: #333333; background-color: #ffffff;\">Conversemos<\/strong><span style=\"color: #333333; background-color: #ffffff;\">&nbsp;sobre el contenido de este mapa en&nbsp;<\/span><a style=\"background-color: #ffffff;\" href=\"http:\/\/tiny.cc\/trabajadoresdearte2\" target=\"_blank\" rel=\"noopener noreferrer\"><strong>Whatsapp<\/strong><\/a><span style=\"color: #333333; background-color: #ffffff;\">&nbsp;o&nbsp;<\/span><a style=\"background-color: #ffffff;\" href=\"http:\/\/t.me\/trabajadoresdearte\" target=\"_blank\" rel=\"noopener noreferrer\"><strong>Telegram<\/strong><\/a><span style=\"color: #333333; background-color: #ffffff;\">.<\/span><\/p>\n<\/div>\n<\/div>\n<\/div>\n<div class=\"row\">\n<div class=\"col-md-12 col-xs-12 col-sm-12 col-lg-12\">\n<p class=\"\" style=\"text-align: center;\"><\/p>\n<\/div>\n<\/div>\n<\/div>\n<\/div>\n<div class=\"boldgrid-section\">\n<div class=\"container\">\n<div class=\"row\">\n<div class=\"col-md-12 col-xs-12 col-sm-12 col-lg-12\"><\/div>\n<\/div>\n<\/div>\n<\/div>\n","protected":false},"excerpt":{"rendered":"<p>PT&gt; o Mapa de artistas, curadoras e educadoras de arte racializadas no Brasil, (vers\u00e3o 1.0 &#8211; maio 2021) uma Pesquisa realizada por meio do 1\u00ba Censo Nacional Trovoa (Fevereiro de 2021), a cargo do Coletivo Trovoa, formado por 30 articuladoras residentes em 4 regi\u00f5es do Brasil. Colabora\u00e7\u00e3o e desenho: Guillermina Bustos, Jorge Sep\u00falveda T., Federico &hellip; <a href=\"https:\/\/www.trabajadoresdearte.org\/sitio\/mapa-das-artistas-curadoras-e-educadoras-de-arte-racializadas-no-brasil\/\" class=\"more-link\">Sigue leyendo <span class=\"screen-reader-text\">Mapa das Artistas, Curadoras e Educadoras de Arte racializadas no Brasil<\/span><\/a><\/p>\n","protected":false},"author":1,"featured_media":0,"parent":0,"menu_order":0,"comment_status":"closed","ping_status":"closed","template":"template\/page\/fullwidth.php","meta":{"bgseo_title":"","bgseo_description":"","bgseo_robots_index":"index","bgseo_robots_follow":"follow","footnotes":""},"class_list":["post-804","page","type-page","status-publish","hentry"],"_links":{"self":[{"href":"https:\/\/www.trabajadoresdearte.org\/sitio\/wp-json\/wp\/v2\/pages\/804","targetHints":{"allow":["GET"]}}],"collection":[{"href":"https:\/\/www.trabajadoresdearte.org\/sitio\/wp-json\/wp\/v2\/pages"}],"about":[{"href":"https:\/\/www.trabajadoresdearte.org\/sitio\/wp-json\/wp\/v2\/types\/page"}],"author":[{"embeddable":true,"href":"https:\/\/www.trabajadoresdearte.org\/sitio\/wp-json\/wp\/v2\/users\/1"}],"replies":[{"embeddable":true,"href":"https:\/\/www.trabajadoresdearte.org\/sitio\/wp-json\/wp\/v2\/comments?post=804"}],"version-history":[{"count":10,"href":"https:\/\/www.trabajadoresdearte.org\/sitio\/wp-json\/wp\/v2\/pages\/804\/revisions"}],"predecessor-version":[{"id":1225,"href":"https:\/\/www.trabajadoresdearte.org\/sitio\/wp-json\/wp\/v2\/pages\/804\/revisions\/1225"}],"wp:attachment":[{"href":"https:\/\/www.trabajadoresdearte.org\/sitio\/wp-json\/wp\/v2\/media?parent=804"}],"curies":[{"name":"wp","href":"https:\/\/api.w.org\/{rel}","templated":true}]}}